{"id":22,"date":"2015-09-18T10:42:00","date_gmt":"2015-09-18T10:42:00","guid":{"rendered":"https:\/\/sartorioadvocats.wordpress.com\/?page_id=22"},"modified":"2016-09-20T15:16:51","modified_gmt":"2016-09-20T15:16:51","slug":"presentacio","status":"publish","type":"page","link":"https:\/\/www.sartorioadvocats.cat\/","title":{"rendered":""},"content":{"rendered":"<p>[vc_row][vc_column][vc_column_text css_animation=\u00bbappear\u00bb]<\/p>\n<p style=\"text-align: justify;\">A <span style=\"color: #993366;\"><strong>Sartorio Advocats<\/strong><\/span> trobarem com resoldre el teu cas i et sentir\u00e0s acompanyat en tot moment, perqu\u00e8 el teu tema ser\u00e0 el m\u00e9s important per nosaltres. Estem especialitzats en diverses branques del Dret, perqu\u00e8 la vida t\u00e9\u00a0 imprevistos.<br \/>\nI nosaltres tenim <strong>solucions per a tu<\/strong><\/p>\n<p>[\/vc_column_text][\/vc_column][\/vc_row]<\/p>\n","protected":false},"excerpt":{"rendered":"<p>[vc_row][vc_column][vc_column_text css_animation=\u00bbappear\u00bb] A Sartorio Advocats trobarem com resoldre el teu cas i et sentir\u00e0s acompanyat en tot moment, perqu\u00e8 el teu tema ser\u00e0 el m\u00e9s important per nosaltres. Estem especialitzats en diverses branques del Dret, perqu\u00e8 la vida t\u00e9\u00a0 imprevistos. I nosaltres tenim solucions per a tu [\/vc_column_text][\/vc_column][\/vc_row]<\/p>\n","protected":false},"author":1,"featured_media":96,"parent":0,"menu_order":0,"comment_status":"closed","ping_status":"closed","template":"page-templates\/front-page.php","meta":{"spay_email":""},"jetpack_sharing_enabled":false,"jetpack_shortlink":"https:\/\/wp.me\/P7o4zp-m","_links":{"self":[{"href":"https:\/\/www.sartorioadvocats.cat\/index.php?rest_route=\/wp\/v2\/pages\/22"}],"collection":[{"href":"https:\/\/www.sartorioadvocats.cat\/index.php?rest_route=\/wp\/v2\/pages"}],"about":[{"href":"https:\/\/www.sartorioadvocats.cat\/index.php?rest_route=\/wp\/v2\/types\/page"}],"author":[{"embeddable":true,"href":"https:\/\/www.sartorioadvocats.cat\/index.php?rest_route=\/wp\/v2\/users\/1"}],"replies":[{"embeddable":true,"href":"https:\/\/www.sartorioadvocats.cat\/index.php?rest_route=%2Fwp%2Fv2%2Fcomments&post=22"}],"version-history":[{"count":3,"href":"https:\/\/www.sartorioadvocats.cat\/index.php?rest_route=\/wp\/v2\/pages\/22\/revisions"}],"predecessor-version":[{"id":126,"href":"https:\/\/www.sartorioadvocats.cat\/index.php?rest_route=\/wp\/v2\/pages\/22\/revisions\/126"}],"wp:featuredmedia":[{"embeddable":true,"href":"https:\/\/www.sartorioadvocats.cat\/index.php?rest_route=\/wp\/v2\/media\/96"}],"wp:attachment":[{"href":"https:\/\/www.sartorioadvocats.cat\/index.php?rest_route=%2Fwp%2Fv2%2Fmedia&parent=22"}],"curies":[{"name":"wp","href":"https:\/\/api.w.org\/{rel}","templated":true}]}}