{"id":27,"date":"2015-09-18T14:14:46","date_gmt":"2015-09-18T14:14:46","guid":{"rendered":"https:\/\/sartorioadvocats.wordpress.com\/?page_id=27"},"modified":"2016-09-20T15:16:52","modified_gmt":"2016-09-20T15:16:52","slug":"pre","status":"publish","type":"page","link":"https:\/\/www.sartorioadvocats.cat\/?page_id=27","title":{"rendered":"Presentaci\u00f3"},"content":{"rendered":"<p style=\"text-align: justify;\"><a href=\"http:\/\/www.sartorioadvocats.cat\/wp-content\/uploads\/2016\/02\/sabinasartorio_p.jpg\" rel=\"attachment wp-att-70\"><img loading=\"lazy\" class=\" wp-image-70 alignleft\" src=\"http:\/\/www.sartorioadvocats.cat\/wp-content\/uploads\/2016\/02\/sabinasartorio_p.jpg?w=620\" alt=\"SabinaSartorio_P\" width=\"140\" height=\"210\" srcset=\"https:\/\/www.sartorioadvocats.cat\/wp-content\/uploads\/2016\/02\/sabinasartorio_p.jpg 684w, https:\/\/www.sartorioadvocats.cat\/wp-content\/uploads\/2016\/02\/sabinasartorio_p-200x300.jpg 200w\" sizes=\"(max-width: 140px) 100vw, 140px\" \/><\/a><br \/>\n<img loading=\"lazy\" class=\"wp-image-61 alignright\" src=\"http:\/\/www.sartorioadvocats.cat\/wp-content\/uploads\/2015\/11\/segell-collegi-dadvocats-girona_advocada-color.png\" alt=\"Segell Collegi d'Advocats GIRONA_Advocada color\" width=\"101\" height=\"101\" srcset=\"https:\/\/www.sartorioadvocats.cat\/wp-content\/uploads\/2015\/11\/segell-collegi-dadvocats-girona_advocada-color.png 160w, https:\/\/www.sartorioadvocats.cat\/wp-content\/uploads\/2015\/11\/segell-collegi-dadvocats-girona_advocada-color-150x150.png 150w\" sizes=\"(max-width: 101px) 100vw, 101px\" \/><span style=\"color: #993366;\"><strong>Sartorio Advocats <\/strong><\/span>\u00e9s un despatx professional dirigit per <strong>Sabina Sartorio<\/strong>, Col\u00b7legiada al Col\u00b7legi d&#8217;Advocats de Barcelona i al Col\u00b7legi d&#8217;Advocats de Girona, i amb una \u00e0mplia experi\u00e8ncia en diferents \u00e0mbits legals.<br \/>\nCompta amb un potent equip de col\u00b7laboradors<br \/>\nper tal d&#8217;oferir un servei integral als seus clients.<br \/>\nRapidesa, efectivitat i un tracte personal i exquisit.<br \/>\nAquests s\u00f3n els\u00a0 valors que distingeixen el nostre despatx.<\/p>\n","protected":false},"excerpt":{"rendered":"<p>Sartorio Advocats \u00e9s un despatx professional dirigit per Sabina Sartorio, Col\u00b7legiada al Col\u00b7legi d&#8217;Advocats de Barcelona i al Col\u00b7legi d&#8217;Advocats de Girona, i amb una \u00e0mplia experi\u00e8ncia en diferents \u00e0mbits legals. Compta amb un potent equip de col\u00b7laboradors per tal d&#8217;oferir un servei integral als seus clients. Rapidesa, efectivitat i un tracte personal i exquisit. &hellip; <a href=\"https:\/\/www.sartorioadvocats.cat\/?page_id=27\" class=\"more-link\">Seguir leyendo <span class=\"screen-reader-text\">Presentaci\u00f3<\/span><\/a><\/p>\n","protected":false},"author":1,"featured_media":0,"parent":0,"menu_order":0,"comment_status":"closed","ping_status":"closed","template":"","meta":{"spay_email":""},"jetpack_sharing_enabled":false,"jetpack_shortlink":"https:\/\/wp.me\/P7o4zp-r","_links":{"self":[{"href":"https:\/\/www.sartorioadvocats.cat\/index.php?rest_route=\/wp\/v2\/pages\/27"}],"collection":[{"href":"https:\/\/www.sartorioadvocats.cat\/index.php?rest_route=\/wp\/v2\/pages"}],"about":[{"href":"https:\/\/www.sartorioadvocats.cat\/index.php?rest_route=\/wp\/v2\/types\/page"}],"author":[{"embeddable":true,"href":"https:\/\/www.sartorioadvocats.cat\/index.php?rest_route=\/wp\/v2\/users\/1"}],"replies":[{"embeddable":true,"href":"https:\/\/www.sartorioadvocats.cat\/index.php?rest_route=%2Fwp%2Fv2%2Fcomments&post=27"}],"version-history":[{"count":4,"href":"https:\/\/www.sartorioadvocats.cat\/index.php?rest_route=\/wp\/v2\/pages\/27\/revisions"}],"predecessor-version":[{"id":123,"href":"https:\/\/www.sartorioadvocats.cat\/index.php?rest_route=\/wp\/v2\/pages\/27\/revisions\/123"}],"wp:attachment":[{"href":"https:\/\/www.sartorioadvocats.cat\/index.php?rest_route=%2Fwp%2Fv2%2Fmedia&parent=27"}],"curies":[{"name":"wp","href":"https:\/\/api.w.org\/{rel}","templated":true}]}}